{"id":1649,"date":"2024-05-02T07:13:12","date_gmt":"2024-05-02T10:13:12","guid":{"rendered":"https:\/\/customerlooplab.com\/?page_id=1649"},"modified":"2024-05-02T07:13:12","modified_gmt":"2024-05-02T10:13:12","slug":"inscreva-se-agora","status":"publish","type":"page","link":"https:\/\/customerlooplab.com\/?page_id=1649","title":{"rendered":"Inscreva-se agora"},"content":{"rendered":"<div class=\"fusion-form fusion-form-builder fusion-form-form-wrapper fusion-form-946 has-icon-alignment\" style=\"--awb-tooltip-text-color:#ffffff;--awb-tooltip-background-color:#333333;--awb-form-input-height:60px;--awb-form-bg-color:rgba(255,255,255,0);--awb-form-select-bg:var(--awb-color8);--awb-label-font-size:16px;--awb-form-font-size:14px;--awb-form-placeholder-color:hsla(var(--awb-color1-h),var(--awb-color1-s),var(--awb-color1-l),calc(var(--awb-color1-a) - 50%));--awb-form-text-color:var(--awb-color1);--awb-form-label-color:#ffffff;--awb-form-border-width-top:0px;--awb-form-border-width-right:0px;--awb-form-border-width-left:0px;--awb-form-border-color:rgba(255,255,255,0.5);--awb-form-focus-border-color:var(--awb-color2);--awb-form-focus-border-hover-color:hsla(var(--awb-color2-h),var(--awb-color2-s),var(--awb-color2-l),calc(var(--awb-color2-a) - 50%));--awb-form-border-radius:0px;--awb-icon-alignment-top:0px;--awb-icon-alignment-bottom:1px;--awb-icon-alignment-font-size:14px;\" data-form-id=\"946\" data-config=\"{&quot;form_id&quot;:&quot;946&quot;,&quot;form_post_id&quot;:&quot;946&quot;,&quot;post_id&quot;:1649,&quot;form_type&quot;:&quot;ajax&quot;,&quot;confirmation_type&quot;:&quot;message&quot;,&quot;redirect_url&quot;:&quot;&quot;,&quot;field_labels&quot;:{&quot;name&quot;:&quot;Seu nome completo&quot;,&quot;email&quot;:&quot;E-mail de trabalho&quot;,&quot;whatsapp&quot;:&quot;Seu WhatsApp&quot;,&quot;linkedin&quot;:&quot;Perfil do Linkedin&quot;,&quot;area&quot;:&quot;\\u00c1rea de interesse&quot;,&quot;tipo&quot;:&quot;Voc\\u00ea \\u00e9&quot;,&quot;opt_in&quot;:&quot;&quot;},&quot;field_logics&quot;:{&quot;notice_1&quot;:&quot;&quot;,&quot;name&quot;:&quot;&quot;,&quot;email&quot;:&quot;[]&quot;,&quot;whatsapp&quot;:&quot;[]&quot;,&quot;linkedin&quot;:&quot;&quot;,&quot;area&quot;:&quot;&quot;,&quot;tipo&quot;:&quot;&quot;,&quot;opt_in&quot;:&quot;&quot;},&quot;field_types&quot;:{&quot;notice_1&quot;:&quot;notice&quot;,&quot;name&quot;:&quot;text&quot;,&quot;email&quot;:&quot;text&quot;,&quot;whatsapp&quot;:&quot;text&quot;,&quot;linkedin&quot;:&quot;text&quot;,&quot;area&quot;:&quot;select&quot;,&quot;tipo&quot;:&quot;select&quot;,&quot;opt_in&quot;:&quot;consent&quot;,&quot;submit_1&quot;:&quot;submit&quot;},&quot;nonce_method&quot;:&quot;ajax&quot;}\"><form action=\"https:\/\/customerlooplab.com\/?page_id=1649\" method=\"post\" class=\"fusion-form fusion-form-946\"><div class=\"awb-form-step active\" data-final=\"1\" data-step=\"1\"><div class=\"fusion-fullwidth fullwidth-box fusion-builder-row-1 fusion-flex-container has-pattern-background has-mask-background nonhundred-percent-fullwidth non-hundred-percent-height-scrolling\" style=\"--awb-border-radius-top-left:0px;--awb-border-radius-top-right:0px;--awb-border-radius-bottom-right:0px;--awb-border-radius-bottom-left:0px;--awb-flex-wrap:wrap;\" ><div class=\"fusion-builder-row fusion-row fusion-flex-align-items-flex-start fusion-flex-content-wrap\" style=\"max-width:1248px;margin-left: calc(-4% \/ 2 );margin-right: calc(-4% \/ 2 );\"><div class=\"fusion-layout-column fusion_builder_column fusion-builder-column-0 fusion_builder_column_1_1 1_1 fusion-flex-column\" style=\"--awb-bg-size:cover;--awb-width-large:100%;--awb-margin-top-large:0px;--awb-spacing-right-large:1.92%;--awb-margin-bottom-large:0px;--awb-spacing-left-large:1.92%;--awb-width-medium:100%;--awb-order-medium:0;--awb-spacing-right-medium:1.92%;--awb-spacing-left-medium:1.92%;--awb-width-small:100%;--awb-order-small:0;--awb-spacing-right-small:1.92%;--awb-spacing-left-small:1.92%;\"><div class=\"fusion-column-wrapper fusion-column-has-shadow fusion-flex-justify-content-flex-start fusion-content-layout-column\"><div class=\"form-submission-notices data-notice_1\" id=\"fusion-notices-1\"><div class=\"fusion-alert alert success alert-success fusion-alert-center fusion-form-response fusion-form-response-success awb-alert-native-link-color alert-dismissable awb-alert-close-boxed\" role=\"alert\"><div class=\"fusion-alert-content-wrapper\"><span class=\"alert-icon\"><i class=\"awb-icon-check-circle\" aria-hidden=\"true\"><\/i><\/span><span class=\"fusion-alert-content\">Obrigado pelo interesse em participar da maior academia de conte\u00fados de App Growth do Brasil. Nossa equipe ir\u00e1 analisar seu pedido e em at\u00e9 3 dias \u00fateis voc\u00ea receber\u00e1 seu acesso no email cadastrado.<\/span><\/div><button type=\"button\" class=\"close toggle-alert\" data-dismiss=\"alert\" aria-label=\"Close\">&times;<\/button><\/div><div class=\"fusion-alert alert error alert-danger fusion-alert-center fusion-form-response fusion-form-response-error awb-alert-native-link-color alert-dismissable awb-alert-close-boxed\" role=\"alert\"><div class=\"fusion-alert-content-wrapper\"><span class=\"alert-icon\"><i class=\"awb-icon-exclamation-triangle\" aria-hidden=\"true\"><\/i><\/span><span class=\"fusion-alert-content\">Ops, alguma coisa deu errado. Tente novamente mais tarde.<\/span><\/div><button type=\"button\" class=\"close toggle-alert\" data-dismiss=\"alert\" aria-label=\"Close\">&times;<\/button><\/div><\/div><div class=\"fusion-title title fusion-title-1 fusion-sep-none fusion-title-text fusion-title-size-five\" style=\"--awb-margin-top:30px;\"><h5 class=\"fusion-title-heading title-heading-left\" style=\"margin:0;\">Seus dados de contato<\/h5><\/div><div class=\"fusion-form-field fusion-form-text-field fusion-form-label-above\" style=\"\" data-form-id=\"946\"><div class=\"fusion-form-label-wrapper\"><label for=\"name\">Seu nome completo <abbr class=\"fusion-form-element-required\" title=\"required\">*<\/abbr><\/label><\/div><input type=\"text\" name=\"name\" id=\"name\" value=\"\"  class=\"fusion-form-input\" required=\"true\" aria-required=\"true\" placeholder=\"John Doe*\" data-holds-private-data=\"false\" minlength=\"0\"\/><\/div><div class=\"fusion-form-field fusion-form-text-field fusion-form-label-above\" style=\"\" data-form-id=\"946\"><div class=\"fusion-form-label-wrapper\"><label for=\"email\">E-mail de trabalho <abbr class=\"fusion-form-element-required\" title=\"required\">*<\/abbr><\/label><\/div><div class=\"fusion-form-input-with-icon\"><i class=\"awb-form-icon fa-at fas\"><\/i><input type=\"text\"  data-empty-notice=\"Campo obrigat\u00f3rio\" name=\"email\" id=\"email\" value=\"\"  class=\"fusion-form-input\" required=\"true\" aria-required=\"true\" placeholder=\"your@example.com*\" data-holds-private-data=\"false\" minlength=\"0\"\/><\/div><\/div><div class=\"fusion-form-field fusion-form-text-field fusion-form-label-above\" style=\"\" data-form-id=\"946\"><div class=\"fusion-form-label-wrapper\"><label for=\"whatsapp\">Seu WhatsApp <abbr class=\"fusion-form-element-required\" title=\"required\">*<\/abbr><\/label><\/div><div class=\"fusion-form-input-with-icon\"><i class=\"awb-form-icon fa-whatsapp fab\"><\/i><input type=\"text\"  data-empty-notice=\"Campo obrigat\u00f3rio\" name=\"whatsapp\" id=\"whatsapp\" value=\"\"  class=\"fusion-form-input\" required=\"true\" aria-required=\"true\" placeholder=\"+55 (11) 00000-0000*\" data-holds-private-data=\"false\" minlength=\"0\"\/><\/div><\/div><div class=\"fusion-form-field fusion-form-text-field fusion-form-label-above\" style=\"\" data-form-id=\"946\"><div class=\"fusion-form-label-wrapper\"><label for=\"linkedin\">Perfil do Linkedin<\/label><\/div><div class=\"fusion-form-input-with-icon\"><i class=\"awb-form-icon fa-link fas\"><\/i><input type=\"text\" name=\"linkedin\" id=\"linkedin\" value=\"\"  class=\"fusion-form-input\" placeholder=\"https:\/\/\" data-holds-private-data=\"false\" minlength=\"0\"\/><\/div><\/div><div class=\"fusion-form-field fusion-form-select-field fusion-form-label-above\" style=\"\" data-form-id=\"946\"><label for=\"area\">\u00c1rea de interesse <abbr class=\"fusion-form-element-required\" title=\"required\">*<\/abbr><\/label><div class=\"fusion-select-wrapper\"><select data-empty-notice=\"Campo obrigat\u00f3rio\" tabindex=\"\" id=\"area\" name=\"area\" class=\"fusion-form-input\" required=\"true\" aria-required=\"true\" data-holds-private-data=\"false\"><option value=\"\" disabled selected>Escolha<\/option><option value=\"Estrat\u00e9gias de Aquisi\u00e7\u00e3o\" >Estrat\u00e9gias de Aquisi\u00e7\u00e3o<\/option><option value=\"Estrat\u00e9gias de Engajamento e Reten\u00e7\u00e3o\" >Estrat\u00e9gias de Engajamento e Reten\u00e7\u00e3o<\/option><option value=\"Desenvolvimento de produtos\" >Desenvolvimento de produtos<\/option><option value=\"Mensura\u00e7\u00e3o e Analytics\" >Mensura\u00e7\u00e3o e Analytics<\/option><\/select><div class=\"select-arrow\"><svg width=\"12\" height=\"8\" viewBox=\"0 0 12 8\" fill=\"none\" xmlns=\"http:\/\/www.w3.org\/2000\/svg\"> <path d=\"M1.5 1.75L6 6.25L10.5 1.75\" stroke=\"#6D6D6D\" stroke-width=\"2\" stroke-linecap=\"round\" stroke-linejoin=\"round\"\/> <\/svg><\/div><\/div><\/div><div class=\"fusion-form-field fusion-form-select-field fusion-form-label-above\" style=\"\" data-form-id=\"946\"><label for=\"tipo\">Voc\u00ea \u00e9 <abbr class=\"fusion-form-element-required\" title=\"required\">*<\/abbr><\/label><div class=\"fusion-select-wrapper\"><select data-empty-notice=\"Campo obrigat\u00f3rio\" tabindex=\"\" id=\"tipo\" name=\"tipo\" class=\"fusion-form-input\" required=\"true\" aria-required=\"true\" data-holds-private-data=\"false\"><option value=\"\" disabled selected>Escolha<\/option><option value=\"Um cliente da Inngage\" >Um cliente da Inngage<\/option><option value=\"Um parceiro da Inngage\" >Um parceiro da Inngage<\/option><option value=\"Cliente de um parceiro da Inngage\" >Cliente de um parceiro da Inngage<\/option><option value=\"Ainda n\u00e3o possuir relacionamento com a Inngage\" >Ainda n\u00e3o possuir relacionamento com a Inngage<\/option><\/select><div class=\"select-arrow\"><svg width=\"12\" height=\"8\" viewBox=\"0 0 12 8\" fill=\"none\" xmlns=\"http:\/\/www.w3.org\/2000\/svg\"> <path d=\"M1.5 1.75L6 6.25L10.5 1.75\" stroke=\"#6D6D6D\" stroke-width=\"2\" stroke-linecap=\"round\" stroke-linejoin=\"round\"\/> <\/svg><\/div><\/div><\/div><div class=\"fusion-form-field fusion-form-consent-field fusion-form-label-above\" style=\"\" data-form-id=\"946\"><div class=\"fusion-form-checkbox option-inline\"><input tabindex=\"\" id=\"opt_in\" type=\"checkbox\" value=\"1\" name=\"opt_in\" class=\"fusion-form-input\"\/><label for=\"opt_in\">Desejo receber por e-mail dicas de engajamento e reten\u00e7\u00e3o, insights, convites, atualiza\u00e7\u00f5es de produtos e muito mais do time da App Growth Academy e Inngage<\/label><\/div><\/div><div class=\"fusion-form-field fusion-form-submit-field fusion-form-label-above\" style=\"\" data-form-id=\"946\"><div ><button type=\"submit\" class=\"fusion-button button-flat fusion-button-default-size button-custom fusion-button-default button-1 fusion-button-span-yes  form-form-submit button-default\" style=\"--button_accent_color:#2e2f6a;--button_accent_hover_color:var(--awb-color1);--button_border_hover_color:var(--awb-color1);--button_gradient_top_color:#ceec78;--button_gradient_bottom_color:#ceec78;--button_gradient_top_color_hover:hsla(var(--awb-color5-h),calc(var(--awb-color5-s) - 5%),calc(var(--awb-color5-l) - 10%),var(--awb-color5-a));--button_gradient_bottom_color_hover:hsla(var(--awb-color5-h),calc(var(--awb-color5-s) - 5%),calc(var(--awb-color5-l) - 10%),var(--awb-color5-a));--button_margin-bottom:0px;\" data-hover=\"text_slide_up\" data-form-number=\"946\" tabindex=\"\"><div class=\"awb-button-text-transition\"><span class=\"fusion-button-text\">Enviar<\/span><span class=\"fusion-button-text\">Enviar<\/span><\/div><i class=\"fa-arrow-right fas button-icon-right\" aria-hidden=\"true\"><\/i><\/button><\/div><\/div><\/div><\/div><\/div><\/div><\/div><\/form><\/div>\n","protected":false},"excerpt":{"rendered":"","protected":false},"author":1,"featured_media":0,"parent":0,"menu_order":0,"comment_status":"closed","ping_status":"closed","template":"100-width.php","meta":{"footnotes":""},"class_list":["post-1649","page","type-page","status-publish","hentry"],"acf":[],"yoast_head":"<!-- This site is optimized with the Yoast SEO plugin v21.9.1 - https:\/\/yoast.com\/wordpress\/plugins\/seo\/ -->\n<title>Inscreva-se agora - App Growth Academy (AGA)<\/title>\n<meta name=\"robots\" content=\"index, follow, max-snippet:-1, max-image-preview:large, max-video-preview:-1\" \/>\n<link rel=\"canonical\" href=\"https:\/\/customerlooplab.com\/?page_id=1649\" \/>\n<meta property=\"og:locale\" content=\"pt_BR\" \/>\n<meta property=\"og:type\" content=\"article\" \/>\n<meta property=\"og:title\" content=\"Inscreva-se agora - App Growth Academy (AGA)\" \/>\n<meta property=\"og:url\" content=\"https:\/\/customerlooplab.com\/?page_id=1649\" \/>\n<meta property=\"og:site_name\" content=\"App Growth Academy (AGA)\" \/>\n<meta property=\"og:image\" content=\"https:\/\/customerlooplab.com\/wp-content\/uploads\/2024\/01\/Artboard-2.png\" \/>\n\t<meta property=\"og:image:width\" content=\"1200\" \/>\n\t<meta property=\"og:image:height\" content=\"675\" \/>\n\t<meta property=\"og:image:type\" content=\"image\/png\" \/>\n<meta name=\"twitter:card\" content=\"summary_large_image\" \/>\n<script type=\"application\/ld+json\" class=\"yoast-schema-graph\">{\"@context\":\"https:\/\/schema.org\",\"@graph\":[{\"@type\":\"WebPage\",\"@id\":\"https:\/\/customerlooplab.com\/?page_id=1649\",\"url\":\"https:\/\/customerlooplab.com\/?page_id=1649\",\"name\":\"Inscreva-se agora - App Growth Academy (AGA)\",\"isPartOf\":{\"@id\":\"https:\/\/customerlooplab.com\/#website\"},\"datePublished\":\"2024-05-02T10:13:12+00:00\",\"dateModified\":\"2024-05-02T10:13:12+00:00\",\"breadcrumb\":{\"@id\":\"https:\/\/customerlooplab.com\/?page_id=1649#breadcrumb\"},\"inLanguage\":\"pt-BR\",\"potentialAction\":[{\"@type\":\"ReadAction\",\"target\":[\"https:\/\/customerlooplab.com\/?page_id=1649\"]}]},{\"@type\":\"BreadcrumbList\",\"@id\":\"https:\/\/customerlooplab.com\/?page_id=1649#breadcrumb\",\"itemListElement\":[{\"@type\":\"ListItem\",\"position\":1,\"name\":\"In\u00edcio\",\"item\":\"https:\/\/customerlooplab.com\/\"},{\"@type\":\"ListItem\",\"position\":2,\"name\":\"Inscreva-se agora\"}]},{\"@type\":\"WebSite\",\"@id\":\"https:\/\/customerlooplab.com\/#website\",\"url\":\"https:\/\/customerlooplab.com\/\",\"name\":\"App Growth Academy (AGA)\",\"description\":\"A maior escola de Growth para aplicativos do Brasil\",\"publisher\":{\"@id\":\"https:\/\/customerlooplab.com\/#organization\"},\"potentialAction\":[{\"@type\":\"SearchAction\",\"target\":{\"@type\":\"EntryPoint\",\"urlTemplate\":\"https:\/\/customerlooplab.com\/?s={search_term_string}\"},\"query-input\":\"required name=search_term_string\"}],\"inLanguage\":\"pt-BR\"},{\"@type\":\"Organization\",\"@id\":\"https:\/\/customerlooplab.com\/#organization\",\"name\":\"App Growth Academy (AGA)\",\"url\":\"https:\/\/customerlooplab.com\/\",\"logo\":{\"@type\":\"ImageObject\",\"inLanguage\":\"pt-BR\",\"@id\":\"https:\/\/customerlooplab.com\/#\/schema\/logo\/image\/\",\"url\":\"https:\/\/customerlooplab.com\/wp-content\/uploads\/2024\/01\/Artboard-1.png\",\"contentUrl\":\"https:\/\/customerlooplab.com\/wp-content\/uploads\/2024\/01\/Artboard-1.png\",\"width\":1000,\"height\":1000,\"caption\":\"App Growth Academy (AGA)\"},\"image\":{\"@id\":\"https:\/\/customerlooplab.com\/#\/schema\/logo\/image\/\"}}]}<\/script>\n<!-- \/ Yoast SEO plugin. -->","yoast_head_json":{"title":"Inscreva-se agora - App Growth Academy (AGA)","robots":{"index":"index","follow":"follow","max-snippet":"max-snippet:-1","max-image-preview":"max-image-preview:large","max-video-preview":"max-video-preview:-1"},"canonical":"https:\/\/customerlooplab.com\/?page_id=1649","og_locale":"pt_BR","og_type":"article","og_title":"Inscreva-se agora - App Growth Academy (AGA)","og_url":"https:\/\/customerlooplab.com\/?page_id=1649","og_site_name":"App Growth Academy (AGA)","og_image":[{"width":1200,"height":675,"url":"https:\/\/customerlooplab.com\/wp-content\/uploads\/2024\/01\/Artboard-2.png","type":"image\/png"}],"twitter_card":"summary_large_image","schema":{"@context":"https:\/\/schema.org","@graph":[{"@type":"WebPage","@id":"https:\/\/customerlooplab.com\/?page_id=1649","url":"https:\/\/customerlooplab.com\/?page_id=1649","name":"Inscreva-se agora - App Growth Academy (AGA)","isPartOf":{"@id":"https:\/\/customerlooplab.com\/#website"},"datePublished":"2024-05-02T10:13:12+00:00","dateModified":"2024-05-02T10:13:12+00:00","breadcrumb":{"@id":"https:\/\/customerlooplab.com\/?page_id=1649#breadcrumb"},"inLanguage":"pt-BR","potentialAction":[{"@type":"ReadAction","target":["https:\/\/customerlooplab.com\/?page_id=1649"]}]},{"@type":"BreadcrumbList","@id":"https:\/\/customerlooplab.com\/?page_id=1649#breadcrumb","itemListElement":[{"@type":"ListItem","position":1,"name":"In\u00edcio","item":"https:\/\/customerlooplab.com\/"},{"@type":"ListItem","position":2,"name":"Inscreva-se agora"}]},{"@type":"WebSite","@id":"https:\/\/customerlooplab.com\/#website","url":"https:\/\/customerlooplab.com\/","name":"App Growth Academy (AGA)","description":"A maior escola de Growth para aplicativos do Brasil","publisher":{"@id":"https:\/\/customerlooplab.com\/#organization"},"potentialAction":[{"@type":"SearchAction","target":{"@type":"EntryPoint","urlTemplate":"https:\/\/customerlooplab.com\/?s={search_term_string}"},"query-input":"required name=search_term_string"}],"inLanguage":"pt-BR"},{"@type":"Organization","@id":"https:\/\/customerlooplab.com\/#organization","name":"App Growth Academy (AGA)","url":"https:\/\/customerlooplab.com\/","logo":{"@type":"ImageObject","inLanguage":"pt-BR","@id":"https:\/\/customerlooplab.com\/#\/schema\/logo\/image\/","url":"https:\/\/customerlooplab.com\/wp-content\/uploads\/2024\/01\/Artboard-1.png","contentUrl":"https:\/\/customerlooplab.com\/wp-content\/uploads\/2024\/01\/Artboard-1.png","width":1000,"height":1000,"caption":"App Growth Academy (AGA)"},"image":{"@id":"https:\/\/customerlooplab.com\/#\/schema\/logo\/image\/"}}]}},"_links":{"self":[{"href":"https:\/\/customerlooplab.com\/index.php?rest_route=\/wp\/v2\/pages\/1649","targetHints":{"allow":["GET"]}}],"collection":[{"href":"https:\/\/customerlooplab.com\/index.php?rest_route=\/wp\/v2\/pages"}],"about":[{"href":"https:\/\/customerlooplab.com\/index.php?rest_route=\/wp\/v2\/types\/page"}],"author":[{"embeddable":true,"href":"https:\/\/customerlooplab.com\/index.php?rest_route=\/wp\/v2\/users\/1"}],"replies":[{"embeddable":true,"href":"https:\/\/customerlooplab.com\/index.php?rest_route=%2Fwp%2Fv2%2Fcomments&post=1649"}],"version-history":[{"count":1,"href":"https:\/\/customerlooplab.com\/index.php?rest_route=\/wp\/v2\/pages\/1649\/revisions"}],"predecessor-version":[{"id":1650,"href":"https:\/\/customerlooplab.com\/index.php?rest_route=\/wp\/v2\/pages\/1649\/revisions\/1650"}],"wp:attachment":[{"href":"https:\/\/customerlooplab.com\/index.php?rest_route=%2Fwp%2Fv2%2Fmedia&parent=1649"}],"curies":[{"name":"wp","href":"https:\/\/api.w.org\/{rel}","templated":true}]}}